{"id":1459,"date":"2023-09-29T09:33:00","date_gmt":"2023-09-29T09:33:00","guid":{"rendered":"https:\/\/nukononline.jupiker.com\/urun\/35-single-nozzle-nc\/"},"modified":"2025-05-27T00:44:05","modified_gmt":"2025-05-26T21:44:05","slug":"35-single-nozzle-nc","status":"publish","type":"product","link":"https:\/\/www.nukononline.com.tr\/de\/produkt\/35-single-nozzle-nc\/","title":{"rendered":"3,5 SINGLE NOZZLE (NC)"},"content":{"rendered":"<p>\u00dcr\u00fcnlerimizi 10&#8217;lu paketler halinde sat\u0131n alarak \u00f6zel indirim f\u0131rsatlar\u0131ndan yararlan\u0131n!<\/p>","protected":false},"excerpt":{"rendered":"<p>\u00dcr\u00fcnlerimizi 10&#8217;lu paketler halinde sat\u0131n alarak \u00f6zel indirim f\u0131rsatlar\u0131ndan yararlan\u0131n!<\/p>","protected":false},"featured_media":1535,"comment_status":"open","ping_status":"closed","template":"","meta":[],"product_cat":[20],"product_tag":[],"_links":{"self":[{"href":"https:\/\/www.nukononline.com.tr\/de\/wp-json\/wp\/v2\/product\/1459"}],"collection":[{"href":"https:\/\/www.nukononline.com.tr\/de\/wp-json\/wp\/v2\/product"}],"about":[{"href":"https:\/\/www.nukononline.com.tr\/de\/wp-json\/wp\/v2\/types\/product"}],"replies":[{"embeddable":true,"href":"https:\/\/www.nukononline.com.tr\/de\/wp-json\/wp\/v2\/comments?post=1459"}],"version-history":[{"count":0,"href":"https:\/\/www.nukononline.com.tr\/de\/wp-json\/wp\/v2\/product\/1459\/revisions"}],"wp:featuredmedia":[{"embeddable":true,"href":"https:\/\/www.nukononline.com.tr\/de\/wp-json\/wp\/v2\/media\/1535"}],"wp:attachment":[{"href":"https:\/\/www.nukononline.com.tr\/de\/wp-json\/wp\/v2\/media?parent=1459"}],"wp:term":[{"taxonomy":"product_cat","embeddable":true,"href":"https:\/\/www.nukononline.com.tr\/de\/wp-json\/wp\/v2\/product_cat?post=1459"},{"taxonomy":"product_tag","embeddable":true,"href":"https:\/\/www.nukononline.com.tr\/de\/wp-json\/wp\/v2\/product_tag?post=1459"}],"curies":[{"name":"wp","href":"https:\/\/api.w.org\/{rel}","templated":true}]}}