{"id":2914,"date":"2025-01-02T11:27:37","date_gmt":"2025-01-02T08:27:37","guid":{"rendered":"https:\/\/www.nukononline.com.tr\/?post_type=product&#038;p=2914"},"modified":"2025-04-11T15:50:05","modified_gmt":"2025-04-11T12:50:05","slug":"cs2-tipi-bevel-1-5-mm-double-nozzle","status":"publish","type":"product","link":"https:\/\/www.nukononline.com.tr\/de\/produkt\/cs2-tipi-bevel-1-5-mm-double-nozzle\/","title":{"rendered":"CS2 T\u0130P\u0130 BEVEL 1.5 MM DOUBLE NOZZLE (10 adet)"},"content":{"rendered":"<h2>Ek bilgi<\/h2>\n<table class=\"woocommerce-product-attributes shop_attributes\">\n<tbody>\n<tr class=\"woocommerce-product-attributes-item woocommerce-product-attributes-item--attribute_pa_acili-kesim\">\n<th class=\"woocommerce-product-attributes-item__label\">Abgewinkelter Schnitt<\/th>\n<td class=\"woocommerce-product-attributes-item__value\">Ja<\/td>\n<\/tr>\n<tr class=\"woocommerce-product-attributes-item woocommerce-product-attributes-item--attribute_pa_kesme-kafasi\">\n<th class=\"woocommerce-product-attributes-item__label\">Schneidkopf<\/th>\n<td class=\"woocommerce-product-attributes-item__value\">NLCH<\/td>\n<\/tr>\n<tr class=\"woocommerce-product-attributes-item woocommerce-product-attributes-item--attribute_pa_nozul-tipi\">\n<th class=\"woocommerce-product-attributes-item__label\">D\u00fcsentyp<\/th>\n<td class=\"woocommerce-product-attributes-item__value\">Einzel<\/td>\n<\/tr>\n<tr class=\"woocommerce-product-attributes-item woocommerce-product-attributes-item--attribute_pa_nozul-capi\">\n<th class=\"woocommerce-product-attributes-item__label\">D\u00fcsendurchmesser<\/th>\n<td class=\"woocommerce-product-attributes-item__value\">1.5<\/td>\n<\/tr>\n<\/tbody>\n<\/table>","protected":false},"excerpt":{"rendered":"<p>\u00dcr\u00fcnlerimizi 10&#8217;lu paketler halinde sat\u0131n alarak \u00f6zel indirim f\u0131rsatlar\u0131ndan yararlan\u0131n!<\/p>","protected":false},"featured_media":1538,"comment_status":"open","ping_status":"closed","template":"","meta":[],"product_cat":[20],"product_tag":[],"_links":{"self":[{"href":"https:\/\/www.nukononline.com.tr\/de\/wp-json\/wp\/v2\/product\/2914"}],"collection":[{"href":"https:\/\/www.nukononline.com.tr\/de\/wp-json\/wp\/v2\/product"}],"about":[{"href":"https:\/\/www.nukononline.com.tr\/de\/wp-json\/wp\/v2\/types\/product"}],"replies":[{"embeddable":true,"href":"https:\/\/www.nukononline.com.tr\/de\/wp-json\/wp\/v2\/comments?post=2914"}],"version-history":[{"count":0,"href":"https:\/\/www.nukononline.com.tr\/de\/wp-json\/wp\/v2\/product\/2914\/revisions"}],"wp:featuredmedia":[{"embeddable":true,"href":"https:\/\/www.nukononline.com.tr\/de\/wp-json\/wp\/v2\/media\/1538"}],"wp:attachment":[{"href":"https:\/\/www.nukononline.com.tr\/de\/wp-json\/wp\/v2\/media?parent=2914"}],"wp:term":[{"taxonomy":"product_cat","embeddable":true,"href":"https:\/\/www.nukononline.com.tr\/de\/wp-json\/wp\/v2\/product_cat?post=2914"},{"taxonomy":"product_tag","embeddable":true,"href":"https:\/\/www.nukononline.com.tr\/de\/wp-json\/wp\/v2\/product_tag?post=2914"}],"curies":[{"name":"wp","href":"https:\/\/api.w.org\/{rel}","templated":true}]}}