{"id":1417,"date":"2023-09-29T09:33:02","date_gmt":"2023-09-29T09:33:02","guid":{"rendered":"https:\/\/nukononline.jupiker.com\/urun\/cover-slide-collimation-o254-mm-nlch-ust-koruma-cami\/"},"modified":"2026-01-06T08:22:49","modified_gmt":"2026-01-06T05:22:49","slug":"cover-slide-collimation-o254-mm-nlch-ust-koruma-cami","status":"publish","type":"product","link":"https:\/\/www.nukononline.com.tr\/en\/product\/cover-slide-collimation-o254-mm-nlch-ust-koruma-cami\/","title":{"rendered":"Cover Slide Collimation \u00d825,4 mm (NLCH \u00dcst Koruma Cam\u0131) NK-00000038"},"content":{"rendered":"","protected":false},"excerpt":{"rendered":"<p>Tekli Adetlerde Sat\u0131labilir<\/p>","protected":false},"featured_media":1518,"comment_status":"open","ping_status":"closed","template":"","meta":[],"product_cat":[31],"product_tag":[],"_links":{"self":[{"href":"https:\/\/www.nukononline.com.tr\/en\/wp-json\/wp\/v2\/product\/1417"}],"collection":[{"href":"https:\/\/www.nukononline.com.tr\/en\/wp-json\/wp\/v2\/product"}],"about":[{"href":"https:\/\/www.nukononline.com.tr\/en\/wp-json\/wp\/v2\/types\/product"}],"replies":[{"embeddable":true,"href":"https:\/\/www.nukononline.com.tr\/en\/wp-json\/wp\/v2\/comments?post=1417"}],"version-history":[{"count":0,"href":"https:\/\/www.nukononline.com.tr\/en\/wp-json\/wp\/v2\/product\/1417\/revisions"}],"wp:featuredmedia":[{"embeddable":true,"href":"https:\/\/www.nukononline.com.tr\/en\/wp-json\/wp\/v2\/media\/1518"}],"wp:attachment":[{"href":"https:\/\/www.nukononline.com.tr\/en\/wp-json\/wp\/v2\/media?parent=1417"}],"wp:term":[{"taxonomy":"product_cat","embeddable":true,"href":"https:\/\/www.nukononline.com.tr\/en\/wp-json\/wp\/v2\/product_cat?post=1417"},{"taxonomy":"product_tag","embeddable":true,"href":"https:\/\/www.nukononline.com.tr\/en\/wp-json\/wp\/v2\/product_tag?post=1417"}],"curies":[{"name":"wp","href":"https:\/\/api.w.org\/{rel}","templated":true}]}}