{"id":1423,"date":"2023-09-29T09:33:04","date_gmt":"2023-09-29T09:33:04","guid":{"rendered":"https:\/\/nukononline.jupiker.com\/urun\/pg-fs-c38x2mm-protection-glass-cl-lt-ultra-ust-koruma-cami\/"},"modified":"2023-12-25T12:40:41","modified_gmt":"2023-12-25T12:40:41","slug":"pg-fs-c38x2mm-protection-glass-cl-lt-ultra-ust-koruma-cami","status":"publish","type":"product","link":"https:\/\/www.nukononline.com.tr\/en\/product\/pg-fs-c38x2mm-protection-glass-cl-lt-ultra-ust-koruma-cami\/","title":{"rendered":"PG-FS-C38x2mm Protection Glass CL (LT Ultra \u00dcst Koruma Cam\u0131)"},"content":{"rendered":"","protected":false},"excerpt":{"rendered":"<p>Tekli Adetlerde Sat\u0131labilir<\/p>","protected":false},"featured_media":1518,"comment_status":"open","ping_status":"closed","template":"","meta":[],"product_cat":[31],"product_tag":[],"_links":{"self":[{"href":"https:\/\/www.nukononline.com.tr\/en\/wp-json\/wp\/v2\/product\/1423"}],"collection":[{"href":"https:\/\/www.nukononline.com.tr\/en\/wp-json\/wp\/v2\/product"}],"about":[{"href":"https:\/\/www.nukononline.com.tr\/en\/wp-json\/wp\/v2\/types\/product"}],"replies":[{"embeddable":true,"href":"https:\/\/www.nukononline.com.tr\/en\/wp-json\/wp\/v2\/comments?post=1423"}],"version-history":[{"count":0,"href":"https:\/\/www.nukononline.com.tr\/en\/wp-json\/wp\/v2\/product\/1423\/revisions"}],"wp:featuredmedia":[{"embeddable":true,"href":"https:\/\/www.nukononline.com.tr\/en\/wp-json\/wp\/v2\/media\/1518"}],"wp:attachment":[{"href":"https:\/\/www.nukononline.com.tr\/en\/wp-json\/wp\/v2\/media?parent=1423"}],"wp:term":[{"taxonomy":"product_cat","embeddable":true,"href":"https:\/\/www.nukononline.com.tr\/en\/wp-json\/wp\/v2\/product_cat?post=1423"},{"taxonomy":"product_tag","embeddable":true,"href":"https:\/\/www.nukononline.com.tr\/en\/wp-json\/wp\/v2\/product_tag?post=1423"}],"curies":[{"name":"wp","href":"https:\/\/api.w.org\/{rel}","templated":true}]}}