{"id":1427,"date":"2023-09-29T09:33:05","date_gmt":"2023-09-29T09:33:05","guid":{"rendered":"https:\/\/nukononline.jupiker.com\/urun\/temizleme-cubugu-swapkisa\/"},"modified":"2025-04-08T07:28:40","modified_gmt":"2025-04-08T04:28:40","slug":"temizleme-cubugu-swapkisa","status":"publish","type":"product","link":"https:\/\/www.nukononline.com.tr\/it\/prodotto\/temizleme-cubugu-swapkisa\/","title":{"rendered":"TEM\u0130ZLEME \u00c7UBU\u011eU (SWAP)KISA NK-00002341"},"content":{"rendered":"","protected":false},"excerpt":{"rendered":"<p>1 Paket \u015eeklinde Sat\u0131labilir<\/p>","protected":false},"featured_media":1507,"comment_status":"open","ping_status":"closed","template":"","meta":[],"product_cat":[16],"product_tag":[],"_links":{"self":[{"href":"https:\/\/www.nukononline.com.tr\/it\/wp-json\/wp\/v2\/product\/1427"}],"collection":[{"href":"https:\/\/www.nukononline.com.tr\/it\/wp-json\/wp\/v2\/product"}],"about":[{"href":"https:\/\/www.nukononline.com.tr\/it\/wp-json\/wp\/v2\/types\/product"}],"replies":[{"embeddable":true,"href":"https:\/\/www.nukononline.com.tr\/it\/wp-json\/wp\/v2\/comments?post=1427"}],"version-history":[{"count":0,"href":"https:\/\/www.nukononline.com.tr\/it\/wp-json\/wp\/v2\/product\/1427\/revisions"}],"wp:featuredmedia":[{"embeddable":true,"href":"https:\/\/www.nukononline.com.tr\/it\/wp-json\/wp\/v2\/media\/1507"}],"wp:attachment":[{"href":"https:\/\/www.nukononline.com.tr\/it\/wp-json\/wp\/v2\/media?parent=1427"}],"wp:term":[{"taxonomy":"product_cat","embeddable":true,"href":"https:\/\/www.nukononline.com.tr\/it\/wp-json\/wp\/v2\/product_cat?post=1427"},{"taxonomy":"product_tag","embeddable":true,"href":"https:\/\/www.nukononline.com.tr\/it\/wp-json\/wp\/v2\/product_tag?post=1427"}],"curies":[{"name":"wp","href":"https:\/\/api.w.org\/{rel}","templated":true}]}}