{"id":1463,"date":"2023-09-29T09:33:00","date_gmt":"2023-09-29T09:33:00","guid":{"rendered":"https:\/\/nukononline.jupiker.com\/urun\/25-double-nozzle-nc\/"},"modified":"2025-01-31T11:04:04","modified_gmt":"2025-01-31T08:04:04","slug":"25-double-nozzle-nc","status":"publish","type":"product","link":"https:\/\/www.nukononline.com.tr\/it\/prodotto\/25-double-nozzle-nc\/","title":{"rendered":"2,5 DOUBLE NOZZLE (NC) (10 adet)"},"content":{"rendered":"<p>\u00dcr\u00fcnlerimizi 10&#8217;lu paketler halinde sat\u0131n alarak \u00f6zel indirim f\u0131rsatlar\u0131ndan yararlan\u0131n!<\/p>","protected":false},"excerpt":{"rendered":"<p>\u00dcr\u00fcnlerimizi 10&#8217;lu paketler halinde sat\u0131n alarak \u00f6zel indirim f\u0131rsatlar\u0131ndan yararlan\u0131n!<\/p>","protected":false},"featured_media":1535,"comment_status":"open","ping_status":"closed","template":"","meta":[],"product_cat":[20],"product_tag":[],"_links":{"self":[{"href":"https:\/\/www.nukononline.com.tr\/it\/wp-json\/wp\/v2\/product\/1463"}],"collection":[{"href":"https:\/\/www.nukononline.com.tr\/it\/wp-json\/wp\/v2\/product"}],"about":[{"href":"https:\/\/www.nukononline.com.tr\/it\/wp-json\/wp\/v2\/types\/product"}],"replies":[{"embeddable":true,"href":"https:\/\/www.nukononline.com.tr\/it\/wp-json\/wp\/v2\/comments?post=1463"}],"version-history":[{"count":0,"href":"https:\/\/www.nukononline.com.tr\/it\/wp-json\/wp\/v2\/product\/1463\/revisions"}],"wp:featuredmedia":[{"embeddable":true,"href":"https:\/\/www.nukononline.com.tr\/it\/wp-json\/wp\/v2\/media\/1535"}],"wp:attachment":[{"href":"https:\/\/www.nukononline.com.tr\/it\/wp-json\/wp\/v2\/media?parent=1463"}],"wp:term":[{"taxonomy":"product_cat","embeddable":true,"href":"https:\/\/www.nukononline.com.tr\/it\/wp-json\/wp\/v2\/product_cat?post=1463"},{"taxonomy":"product_tag","embeddable":true,"href":"https:\/\/www.nukononline.com.tr\/it\/wp-json\/wp\/v2\/product_tag?post=1463"}],"curies":[{"name":"wp","href":"https:\/\/api.w.org\/{rel}","templated":true}]}}