{"id":1441,"date":"2023-09-29T09:33:00","date_gmt":"2023-09-29T09:33:00","guid":{"rendered":"https:\/\/nukononline.jupiker.com\/urun\/3-5-mm-single-nozzle\/"},"modified":"2025-04-11T15:49:44","modified_gmt":"2025-04-11T12:49:44","slug":"3-5-mm-single-nozzle","status":"publish","type":"product","link":"https:\/\/www.nukononline.com.tr\/ru\/product\/3-5-mm-single-nozzle\/","title":{"rendered":"\u041e\u0414\u0418\u041d\u041e\u0427\u041d\u041e\u0415 \u0421\u041e\u041f\u041b\u0410 3,5 \u041c\u041c"},"content":{"rendered":"<p>\u00dcr\u00fcnlerimizi 10&#8217;lu paketler halinde sat\u0131n alarak \u00f6zel indirim f\u0131rsatlar\u0131ndan yararlan\u0131n!<\/p>","protected":false},"excerpt":{"rendered":"<p>\u00dcr\u00fcnlerimizi 10&#8217;lu paketler halinde sat\u0131n alarak \u00f6zel indirim f\u0131rsatlar\u0131ndan yararlan\u0131n!<\/p>","protected":false},"featured_media":1537,"comment_status":"open","ping_status":"closed","template":"","meta":[],"product_cat":[20],"product_tag":[],"_links":{"self":[{"href":"https:\/\/www.nukononline.com.tr\/ru\/wp-json\/wp\/v2\/product\/1441"}],"collection":[{"href":"https:\/\/www.nukononline.com.tr\/ru\/wp-json\/wp\/v2\/product"}],"about":[{"href":"https:\/\/www.nukononline.com.tr\/ru\/wp-json\/wp\/v2\/types\/product"}],"replies":[{"embeddable":true,"href":"https:\/\/www.nukononline.com.tr\/ru\/wp-json\/wp\/v2\/comments?post=1441"}],"version-history":[{"count":0,"href":"https:\/\/www.nukononline.com.tr\/ru\/wp-json\/wp\/v2\/product\/1441\/revisions"}],"wp:featuredmedia":[{"embeddable":true,"href":"https:\/\/www.nukononline.com.tr\/ru\/wp-json\/wp\/v2\/media\/1537"}],"wp:attachment":[{"href":"https:\/\/www.nukononline.com.tr\/ru\/wp-json\/wp\/v2\/media?parent=1441"}],"wp:term":[{"taxonomy":"product_cat","embeddable":true,"href":"https:\/\/www.nukononline.com.tr\/ru\/wp-json\/wp\/v2\/product_cat?post=1441"},{"taxonomy":"product_tag","embeddable":true,"href":"https:\/\/www.nukononline.com.tr\/ru\/wp-json\/wp\/v2\/product_tag?post=1441"}],"curies":[{"name":"wp","href":"https:\/\/api.w.org\/{rel}","templated":true}]}}