{"id":1442,"date":"2023-09-29T09:33:00","date_gmt":"2023-09-29T09:33:00","guid":{"rendered":"https:\/\/nukononline.jupiker.com\/urun\/4-0-mm-single-nozzle\/"},"modified":"2025-11-07T10:29:15","modified_gmt":"2025-11-07T07:29:15","slug":"4-0-mm-single-nozzle","status":"publish","type":"product","link":"https:\/\/www.nukononline.com.tr\/ru\/product\/4-0-mm-single-nozzle\/","title":{"rendered":"4.0 MM SINGLE NOZZLE"},"content":{"rendered":"<p>\u00dcr\u00fcnlerimizi 10&#8217;lu paketler halinde sat\u0131n alarak \u00f6zel indirim f\u0131rsatlar\u0131ndan yararlan\u0131n!<\/p>","protected":false},"excerpt":{"rendered":"<p>\u00dcr\u00fcnlerimizi 10&#8217;lu paketler halinde sat\u0131n alarak \u00f6zel indirim f\u0131rsatlar\u0131ndan yararlan\u0131n!<\/p>","protected":false},"featured_media":1537,"comment_status":"open","ping_status":"closed","template":"","meta":[],"product_cat":[20],"product_tag":[],"_links":{"self":[{"href":"https:\/\/www.nukononline.com.tr\/ru\/wp-json\/wp\/v2\/product\/1442"}],"collection":[{"href":"https:\/\/www.nukononline.com.tr\/ru\/wp-json\/wp\/v2\/product"}],"about":[{"href":"https:\/\/www.nukononline.com.tr\/ru\/wp-json\/wp\/v2\/types\/product"}],"replies":[{"embeddable":true,"href":"https:\/\/www.nukononline.com.tr\/ru\/wp-json\/wp\/v2\/comments?post=1442"}],"version-history":[{"count":1,"href":"https:\/\/www.nukononline.com.tr\/ru\/wp-json\/wp\/v2\/product\/1442\/revisions"}],"predecessor-version":[{"id":3522,"href":"https:\/\/www.nukononline.com.tr\/ru\/wp-json\/wp\/v2\/product\/1442\/revisions\/3522"}],"wp:featuredmedia":[{"embeddable":true,"href":"https:\/\/www.nukononline.com.tr\/ru\/wp-json\/wp\/v2\/media\/1537"}],"wp:attachment":[{"href":"https:\/\/www.nukononline.com.tr\/ru\/wp-json\/wp\/v2\/media?parent=1442"}],"wp:term":[{"taxonomy":"product_cat","embeddable":true,"href":"https:\/\/www.nukononline.com.tr\/ru\/wp-json\/wp\/v2\/product_cat?post=1442"},{"taxonomy":"product_tag","embeddable":true,"href":"https:\/\/www.nukononline.com.tr\/ru\/wp-json\/wp\/v2\/product_tag?post=1442"}],"curies":[{"name":"wp","href":"https:\/\/api.w.org\/{rel}","templated":true}]}}